{"id":69,"date":"2021-10-14T15:27:41","date_gmt":"2021-10-14T13:27:41","guid":{"rendered":"http:\/\/atomic-art-toy-museum.com\/?page_id=69"},"modified":"2021-11-14T11:15:13","modified_gmt":"2021-11-14T10:15:13","slug":"qui-sommes-nous","status":"publish","type":"page","link":"https:\/\/atomic-art-toy-museum.com\/index.php\/qui-sommes-nous\/","title":{"rendered":"Qui sommes-nous ?"},"content":{"rendered":"<p>&nbsp;<\/p>\n<p>L&rsquo;Atomic Art Toy Museum est <strong>le projet d&rsquo;un fan de l&rsquo;univers Fallout<\/strong>, joueur de la s\u00e9rie depuis de nombreuses ann\u00e9es. J&rsquo;aime la richesse, la vari\u00e9t\u00e9 en terme de personnages, de d\u00e9cors, de situations, ce m\u00e9lange de science fiction, de fantastique, de culture populaire, de mythes et surtout ce second degr\u00e9 si caract\u00e9ristique de cette licence. Ce jeu parle en fait de notre \u00e9poque, cette course au progr\u00e8s \u00ab\u00a0dans un optimisme d\u00e9bordant\u00a0\u00bb jusqu&rsquo;\u00e0 \u00e9puisement des mati\u00e8res premi\u00e8res qui entraine in\u00e9vitablement un conflit mondial.<\/p>\n<p>J&rsquo;aime la science fiction depuis mon enfance et j&rsquo;ai donc accumul\u00e9 d\u00e8s lors figurines, jouets, jeux vid\u00e9o, tout ce qui tourne autour du robot, du num\u00e9rique&#8230; Bien \u00e9videmment, j&rsquo;ai dans ma collection pas mal d&rsquo;objets de la s\u00e9rie Fallout.\u00a0 De m\u00eame, \u00e9tant joueur de Fallout 76 depuis le premier jour de sa sortie, je me suis aussi tout naturellement amus\u00e9 \u00e0 rassembler tous les items possibles. D&rsquo;autant que cet \u00e9pisode de Fallout est beaucoup centr\u00e9 sur la culture pop en particulier avec les plateaux des saisons qui sont tous sur ce th\u00e8me. C&rsquo;est d&rsquo;ailleurs un des points qui m&rsquo;a fait appr\u00e9cier cet \u00e9pisode, alors qu&rsquo;avant m\u00eame sa sortie et son d\u00e9marrage \u00ab\u00a0difficile\u00a0\u00bb, un Fallout multijoueur ne m&rsquo;int\u00e9ressait \u00e0 la base pas du tout. C&rsquo;est cet emboitement, cette mise en abime des univers fictionnels de la culture pop dans l&rsquo;univers fictionnel post apo qui vient renforcer et questionner d&rsquo;autant plus notre monde.<\/p>\n<p>Mais de la m\u00eame fa\u00e7on que, \u00ab\u00a0dans la vraie vie\u00a0\u00bb, avoir une collection c&rsquo;est pour moi surtout l&rsquo;envie de la partager, d&rsquo;essayer d&rsquo;en raconter l&rsquo;histoire, d&rsquo;en faire un projet p\u00e9dagogique avec le r\u00eave, peut \u00eatre un jour, d&rsquo;ouvrir un petit mus\u00e9e personnel. C&rsquo;est la m\u00eame d\u00e9marche qui me motive avec l&rsquo;Atomic Art Toy Museum. A moins d&rsquo;en voir parfois quelques uns, au hasard de la visite d&rsquo;un camp d&rsquo;un autre joueur, les joueurs arrivants au fur et \u00e0 mesure n&rsquo;ont plus acc\u00e8s aux items que l&rsquo;on peut obtenir dans les saisons ou pour certains \u00e9v\u00e9nements. L&rsquo;Atomic Art Toy Museum a l&rsquo;ambition, \u00e0 terme de les rassembler tous en un seul lieu !<\/p>\n<p>Mais l&rsquo;Atomic Art Toys ne sera pas un lieu fig\u00e9 dans le temps. D&rsquo;une part il \u00e9voluera en permanence avec l&rsquo;arriv\u00e9e des nouveaux items. D&rsquo;autre part des \u00e9v\u00e9nements vont \u00eatre propos\u00e9s, des expositions temporaires et bien d&rsquo;autres surprises encore.<\/p>\n<p>&nbsp;<\/p>\n<p>Mais qui est \u00ab\u00a0nous\u00a0\u00bb ? C&rsquo;est aussi le personnage qui me repr\u00e9sente dans le jeu, mon double virtuel, mon avatar. Je trouvais plus int\u00e9ressant que ce personnage est aussi son histoire, mais bien sur, celle d&rsquo;un collectionneur qui cr\u00e9\u00e9 un mus\u00e9e et le fait vivre. Je mettrai dans la cat\u00e9gorie \u00ab\u00a0<a href=\"http:\/\/atomic-art-toy-museum.com\/index.php\/2021\/10\/14\/les-debuts\/\" target=\"_blank\" rel=\"noopener\">histoire<\/a>\u00a0\u00bb que je d\u00e9velopperai par la suite<\/p>\n<p>Nous, c&rsquo;est aussi toutes les personnes qui apportent leur aide et permettent les d\u00e9veloppements futurs. Qu&rsquo;elles en soient toutes remerci\u00e9.<\/p>\n<p>&nbsp;<\/p>\n<p>&nbsp;<\/p>\n<p><img loading=\"lazy\" class=\"alignnone wp-image-521\" src=\"http:\/\/atomic-art-toy-museum.com\/wp-content\/uploads\/2021\/11\/aatm_nef9.jpg\" alt=\"\" width=\"900\" height=\"507\" srcset=\"https:\/\/atomic-art-toy-museum.com\/wp-content\/uploads\/2021\/11\/aatm_nef9.jpg 1000w, https:\/\/atomic-art-toy-museum.com\/wp-content\/uploads\/2021\/11\/aatm_nef9-300x169.jpg 300w, https:\/\/atomic-art-toy-museum.com\/wp-content\/uploads\/2021\/11\/aatm_nef9-768x432.jpg 768w, https:\/\/atomic-art-toy-museum.com\/wp-content\/uploads\/2021\/11\/aatm_nef9-897x505.jpg 897w, https:\/\/atomic-art-toy-museum.com\/wp-content\/uploads\/2021\/11\/aatm_nef9-684x385.jpg 684w\" sizes=\"(max-width: 900px) 100vw, 900px\" \/><\/p>\n\n<div class=\"twitter-share\"><a href=\"https:\/\/twitter.com\/intent\/tweet?via=AATMuseum\" class=\"twitter-share-button\">Tweet<\/a><\/div>\n","protected":false},"excerpt":{"rendered":"<p>&nbsp; L&rsquo;Atomic Art Toy Museum est le projet d&rsquo;un fan de l&rsquo;univers Fallout, joueur de la s\u00e9rie&#8230;<\/p>\n","protected":false},"author":1,"featured_media":0,"parent":0,"menu_order":5,"comment_status":"closed","ping_status":"closed","template":"","meta":[],"_links":{"self":[{"href":"https:\/\/atomic-art-toy-museum.com\/index.php\/wp-json\/wp\/v2\/pages\/69"}],"collection":[{"href":"https:\/\/atomic-art-toy-museum.com\/index.php\/wp-json\/wp\/v2\/pages"}],"about":[{"href":"https:\/\/atomic-art-toy-museum.com\/index.php\/wp-json\/wp\/v2\/types\/page"}],"author":[{"embeddable":true,"href":"https:\/\/atomic-art-toy-museum.com\/index.php\/wp-json\/wp\/v2\/users\/1"}],"replies":[{"embeddable":true,"href":"https:\/\/atomic-art-toy-museum.com\/index.php\/wp-json\/wp\/v2\/comments?post=69"}],"version-history":[{"count":67,"href":"https:\/\/atomic-art-toy-museum.com\/index.php\/wp-json\/wp\/v2\/pages\/69\/revisions"}],"predecessor-version":[{"id":652,"href":"https:\/\/atomic-art-toy-museum.com\/index.php\/wp-json\/wp\/v2\/pages\/69\/revisions\/652"}],"wp:attachment":[{"href":"https:\/\/atomic-art-toy-museum.com\/index.php\/wp-json\/wp\/v2\/media?parent=69"}],"curies":[{"name":"wp","href":"https:\/\/api.w.org\/{rel}","templated":true}]}}