{"id":268,"date":"2021-10-24T13:23:31","date_gmt":"2021-10-24T11:23:31","guid":{"rendered":"http:\/\/atomic-art-toy-museum.com\/?page_id=268"},"modified":"2022-03-23T12:09:12","modified_gmt":"2022-03-23T11:09:12","slug":"les-espaces","status":"publish","type":"page","link":"https:\/\/atomic-art-toy-museum.com\/index.php\/les-espaces\/","title":{"rendered":"Les espaces"},"content":{"rendered":"<p><img loading=\"lazy\" class=\"alignnone size-full wp-image-265\" src=\"http:\/\/atomic-art-toy-museum.com\/wp-content\/uploads\/2021\/10\/aatm_accueil-76_3.jpg\" alt=\"\" width=\"1000\" height=\"563\" srcset=\"https:\/\/atomic-art-toy-museum.com\/wp-content\/uploads\/2021\/10\/aatm_accueil-76_3.jpg 1000w, https:\/\/atomic-art-toy-museum.com\/wp-content\/uploads\/2021\/10\/aatm_accueil-76_3-300x169.jpg 300w, https:\/\/atomic-art-toy-museum.com\/wp-content\/uploads\/2021\/10\/aatm_accueil-76_3-768x432.jpg 768w, https:\/\/atomic-art-toy-museum.com\/wp-content\/uploads\/2021\/10\/aatm_accueil-76_3-897x505.jpg 897w, https:\/\/atomic-art-toy-museum.com\/wp-content\/uploads\/2021\/10\/aatm_accueil-76_3-684x385.jpg 684w\" sizes=\"(max-width: 1000px) 100vw, 1000px\" \/><\/p>\r\n<p>&nbsp;<\/p>\r\n<p>En arrivant au point d&rsquo;acc\u00e8s, un premier espace d\u00e9tente sur le th\u00e8me du Western vous accueille.<\/p>\r\n<p>Apr\u00e8s avoir chevauch\u00e9 la brahmine m\u00e9canique, rien de tel qu&rsquo;un bon steak de rataupe cuit sur le barbecue brahmine que vous d\u00e9gusterez autour d&rsquo;un feu de camp. Notre robot vendeur Tipsy Tom vous proposera un large choix de boissons. Les cacahu\u00e8tes sont offertes !<\/p>\r\n<p>&nbsp;<\/p>\r\n\r\n<figure class=\"wp-block-image size-full is-style-default\"><img loading=\"lazy\" width=\"1000\" height=\"563\" class=\"wp-image-10 alignnone\" src=\"http:\/\/atomic-art-toy-museum.com\/wp-content\/uploads\/2021\/10\/aatm_western-01-copie.jpg\" alt=\"\" srcset=\"https:\/\/atomic-art-toy-museum.com\/wp-content\/uploads\/2021\/10\/aatm_western-01-copie.jpg 1000w, https:\/\/atomic-art-toy-museum.com\/wp-content\/uploads\/2021\/10\/aatm_western-01-copie-300x169.jpg 300w, https:\/\/atomic-art-toy-museum.com\/wp-content\/uploads\/2021\/10\/aatm_western-01-copie-768x432.jpg 768w, https:\/\/atomic-art-toy-museum.com\/wp-content\/uploads\/2021\/10\/aatm_western-01-copie-897x505.jpg 897w, https:\/\/atomic-art-toy-museum.com\/wp-content\/uploads\/2021\/10\/aatm_western-01-copie-684x385.jpg 684w\" sizes=\"(max-width: 1000px) 100vw, 1000px\" \/><\/figure>\r\n\r\n\r\n\r\n<p>&nbsp;<\/p>\r\n\r\n<p>Vous acc\u00e8derez \u00e0 l\u2019esplanade par l&rsquo;escalier. Sur votre gauche, le Relais de la Sulfurie vous accueille dans l&rsquo;ambiance d&rsquo;un dinner d\u2019avant guerre avec sa d\u00e9coration Slocum&rsquo;s Joe et Nuka Cola. Dans cet espace tout en verre inond\u00e9 de lumi\u00e8re, vous pourrez admirer l&rsquo;incroyable vue panoramique sur tout le Bourbier et au del\u00e0, en d\u00e9gustant un Nuka Quantum bien frais. Mais attention, ce lieu dispose \u00e9galement d&rsquo;une animation tr\u00e8s particuli\u00e8re. S&rsquo;il n&rsquo;a pas \u00e9t\u00e9 occup\u00e9 auparavant, c&rsquo;est parce qu\u2019au pied de la montagne, une br\u00e8che laisse r\u00e9guli\u00e8rement \u00e9chapper une sulfurie qui viendra attaquer le relai. Vous pouvez regarder le feu nourri des quatre lance missiles install\u00e9s sur le toit mais ne tardez pas \u00e0 sortir votre arme la plus efficace si vous souhaitez profiter du lieu avant qu\u2019elle ne le d\u00e9truise enti\u00e8rement. Eh oui un spectacle unique que seul l&rsquo;apr\u00e8s guerre nucl\u00e9aire peut vous offrir ! Et si vous \u00eates impatient, vous pouvez vous m\u00eame provoquer sa sortie en envoyant un missile tout en contrebas. \u00a0<\/p>\r\n<p>&nbsp;<\/p>\r\n<p><img loading=\"lazy\" class=\"alignnone size-full wp-image-468\" src=\"http:\/\/atomic-art-toy-museum.com\/wp-content\/uploads\/2021\/11\/aatm_ext2.jpg\" alt=\"\" width=\"1000\" height=\"563\" srcset=\"https:\/\/atomic-art-toy-museum.com\/wp-content\/uploads\/2021\/11\/aatm_ext2.jpg 1000w, https:\/\/atomic-art-toy-museum.com\/wp-content\/uploads\/2021\/11\/aatm_ext2-300x169.jpg 300w, https:\/\/atomic-art-toy-museum.com\/wp-content\/uploads\/2021\/11\/aatm_ext2-768x432.jpg 768w, https:\/\/atomic-art-toy-museum.com\/wp-content\/uploads\/2021\/11\/aatm_ext2-897x505.jpg 897w, https:\/\/atomic-art-toy-museum.com\/wp-content\/uploads\/2021\/11\/aatm_ext2-684x385.jpg 684w\" sizes=\"(max-width: 1000px) 100vw, 1000px\" \/><\/p>\r\n<p>&nbsp;<\/p>\r\n<p>A droite, vous pouvez admirer une reconstitution d&rsquo;une station Red Rocket avec, devant le garage, une authentique fusion Fl\u00e9a en cours de restauration. Notre Red Rocket Collectron vous donnera quelques conseils bien utiles et n&rsquo;oubliez pas de faire vos achats au Red Rocket Mini Mart. C&rsquo;est par le couloir dans la tour \u00e0 votre droite, que vous acc\u00e8derez \u00e0 l&rsquo;<a href=\"http:\/\/atomic-art-toy-museum.com\/index.php\/presentation\/\" target=\"_blank\" rel=\"noopener\">Atomic Art Toy Museum<\/a>.<\/p>\r\n<p>&nbsp;<\/p>\r\n<p><img loading=\"lazy\" class=\"alignnone size-full wp-image-465\" src=\"http:\/\/atomic-art-toy-museum.com\/wp-content\/uploads\/2021\/11\/aatm_ext7.jpg\" alt=\"\" width=\"1000\" height=\"563\" srcset=\"https:\/\/atomic-art-toy-museum.com\/wp-content\/uploads\/2021\/11\/aatm_ext7.jpg 1000w, https:\/\/atomic-art-toy-museum.com\/wp-content\/uploads\/2021\/11\/aatm_ext7-300x169.jpg 300w, https:\/\/atomic-art-toy-museum.com\/wp-content\/uploads\/2021\/11\/aatm_ext7-768x432.jpg 768w, https:\/\/atomic-art-toy-museum.com\/wp-content\/uploads\/2021\/11\/aatm_ext7-897x505.jpg 897w, https:\/\/atomic-art-toy-museum.com\/wp-content\/uploads\/2021\/11\/aatm_ext7-684x385.jpg 684w\" sizes=\"(max-width: 1000px) 100vw, 1000px\" \/><\/p>\r\n<p>&nbsp;<\/p>\n<div class=\"twitter-share\"><a href=\"https:\/\/twitter.com\/intent\/tweet?via=AATMuseum\" class=\"twitter-share-button\">Tweet<\/a><\/div>\n","protected":false},"excerpt":{"rendered":"<p>&nbsp; En arrivant au point d&rsquo;acc\u00e8s, un premier espace d\u00e9tente sur le th\u00e8me du Western vous accueille&#8230;.<\/p>\n","protected":false},"author":1,"featured_media":0,"parent":0,"menu_order":2,"comment_status":"closed","ping_status":"closed","template":"","meta":[],"_links":{"self":[{"href":"https:\/\/atomic-art-toy-museum.com\/index.php\/wp-json\/wp\/v2\/pages\/268"}],"collection":[{"href":"https:\/\/atomic-art-toy-museum.com\/index.php\/wp-json\/wp\/v2\/pages"}],"about":[{"href":"https:\/\/atomic-art-toy-museum.com\/index.php\/wp-json\/wp\/v2\/types\/page"}],"author":[{"embeddable":true,"href":"https:\/\/atomic-art-toy-museum.com\/index.php\/wp-json\/wp\/v2\/users\/1"}],"replies":[{"embeddable":true,"href":"https:\/\/atomic-art-toy-museum.com\/index.php\/wp-json\/wp\/v2\/comments?post=268"}],"version-history":[{"count":24,"href":"https:\/\/atomic-art-toy-museum.com\/index.php\/wp-json\/wp\/v2\/pages\/268\/revisions"}],"predecessor-version":[{"id":892,"href":"https:\/\/atomic-art-toy-museum.com\/index.php\/wp-json\/wp\/v2\/pages\/268\/revisions\/892"}],"wp:attachment":[{"href":"https:\/\/atomic-art-toy-museum.com\/index.php\/wp-json\/wp\/v2\/media?parent=268"}],"curies":[{"name":"wp","href":"https:\/\/api.w.org\/{rel}","templated":true}]}}